{"id":3234,"date":"2025-10-14T10:49:41","date_gmt":"2025-10-14T08:49:41","guid":{"rendered":"https:\/\/imani4children.org\/?page_id=3234"},"modified":"2026-03-02T10:05:42","modified_gmt":"2026-03-02T09:05:42","slug":"aidez-nous","status":"publish","type":"page","link":"https:\/\/imani4children.org\/fr\/aidez-nous\/","title":{"rendered":"Aidez nous"},"content":{"rendered":"\t\t<div data-elementor-type=\"wp-page\" data-elementor-id=\"3234\" class=\"elementor elementor-3234 elementor-55\">\n\t\t\t\t<div class=\"elementor-element elementor-element-32a279a e-flex e-con-boxed e-con e-parent\" data-id=\"32a279a\" data-element_type=\"container\">\n\t\t\t\t\t<div class=\"e-con-inner\">\n\t\t\t\t<div class=\"elementor-element elementor-element-5b2514a elementor-widget elementor-widget-spacer\" data-id=\"5b2514a\" data-element_type=\"widget\" data-widget_type=\"spacer.default\">\n\t\t\t\t\t\t\t<div class=\"elementor-spacer\">\n\t\t\t<div class=\"elementor-spacer-inner\"><\/div>\n\t\t<\/div>\n\t\t\t\t\t\t<\/div>\n\t\t<div class=\"elementor-element elementor-element-774bdc9 e-con-full e-flex e-con e-child\" data-id=\"774bdc9\" data-element_type=\"container\">\n\t\t<div class=\"elementor-element elementor-element-5634359 e-con-full e-flex e-con e-child\" data-id=\"5634359\" data-element_type=\"container\">\n\t\t\t\t<div class=\"elementor-element elementor-element-8fa70fd elementor-widget elementor-widget-text-editor\" data-id=\"8fa70fd\" data-element_type=\"widget\" data-widget_type=\"text-editor.default\">\n\t\t\t\t\t\t\t\t\t<p>Devenir membre vous permet de rejoindre notre famille, de faire une petite contribution annuelle (qui est importante pour nous), de rester au courant de nos initiatives et projets, de participer \u00e0 nos \u00e9v\u00e9nements&#8230; bref, de faire partie des n\u00f4tres !<\/p>\n<p><\/p>\n<p><b>La cotisation pour 2026 est de 50 euros !<\/b><\/p>\n<p><\/p>\t\t\t\t\t\t\t\t<\/div>\n\t\t\t\t<div class=\"elementor-element elementor-element-ffcb027 elementor-align-left elementor-widget elementor-widget-button\" data-id=\"ffcb027\" data-element_type=\"widget\" data-widget_type=\"button.default\">\n\t\t\t\t\t\t\t\t\t\t<a class=\"elementor-button elementor-button-link elementor-size-sm\" href=\"https:\/\/imani4children.org\/fr\/iscriviti-alla-nostra-associazione\/\">\n\t\t\t\t\t\t<span class=\"elementor-button-content-wrapper\">\n\t\t\t\t\t\t\t\t\t<span class=\"elementor-button-text\">ABONNEZ-VOUS AUSSI<\/span>\n\t\t\t\t\t<\/span>\n\t\t\t\t\t<\/a>\n\t\t\t\t\t\t\t\t<\/div>\n\t\t\t\t<div class=\"elementor-element elementor-element-b97e396 elementor-widget elementor-widget-text-editor\" data-id=\"b97e396\" data-element_type=\"widget\" data-widget_type=\"text-editor.default\">\n\t\t\t\t\t\t\t\t\t<p style=\"text-align: left;\">Gr\u00e2ce \u00e0 votre adh\u00e9sion, nous pouvons faire beaucoup de choses.<\/p>\n<p><\/p>\t\t\t\t\t\t\t\t<\/div>\n\t\t\t\t<\/div>\n\t\t<div class=\"elementor-element elementor-element-5e1ab5d e-con-full e-flex e-con e-child\" data-id=\"5e1ab5d\" data-element_type=\"container\">\n\t\t\t\t<div class=\"elementor-element elementor-element-164cf72 elementor-widget elementor-widget-image\" data-id=\"164cf72\" data-element_type=\"widget\" data-widget_type=\"image.default\">\n\t\t\t\t\t\t\t\t\t\t\t\t\t\t\t<img loading=\"lazy\" decoding=\"async\" width=\"1024\" height=\"753\" src=\"https:\/\/imani4children.org\/wp-content\/uploads\/2025\/10\/bimbi-africani-1-MB-scaled-e1761061809562-1024x753.jpeg\" class=\"attachment-large size-large wp-image-2741\" alt=\"\" srcset=\"https:\/\/imani4children.org\/wp-content\/uploads\/2025\/10\/bimbi-africani-1-MB-scaled-e1761061809562-1024x753.jpeg 1024w, https:\/\/imani4children.org\/wp-content\/uploads\/2025\/10\/bimbi-africani-1-MB-scaled-e1761061809562-300x221.jpeg 300w, https:\/\/imani4children.org\/wp-content\/uploads\/2025\/10\/bimbi-africani-1-MB-scaled-e1761061809562-768x565.jpeg 768w, https:\/\/imani4children.org\/wp-content\/uploads\/2025\/10\/bimbi-africani-1-MB-scaled-e1761061809562-1536x1130.jpeg 1536w, https:\/\/imani4children.org\/wp-content\/uploads\/2025\/10\/bimbi-africani-1-MB-scaled-e1761061809562-2048x1507.jpeg 2048w\" sizes=\"auto, (max-width: 1024px) 100vw, 1024px\" \/>\t\t\t\t\t\t\t\t\t\t\t\t\t\t\t<\/div>\n\t\t\t\t<\/div>\n\t\t\t\t<\/div>\n\t\t\t\t\t<\/div>\n\t\t\t\t<\/div>\n\t\t<div class=\"elementor-element elementor-element-e8ef9f0 e-con-full e-flex e-con e-parent\" data-id=\"e8ef9f0\" data-element_type=\"container\" data-settings=\"{&quot;background_background&quot;:&quot;classic&quot;}\">\n\t\t\t\t<div class=\"elementor-element elementor-element-49d3caf elementor-widget elementor-widget-spacer\" data-id=\"49d3caf\" data-element_type=\"widget\" data-widget_type=\"spacer.default\">\n\t\t\t\t\t\t\t<div class=\"elementor-spacer\">\n\t\t\t<div class=\"elementor-spacer-inner\"><\/div>\n\t\t<\/div>\n\t\t\t\t\t\t<\/div>\n\t\t\t\t<div class=\"elementor-element elementor-element-f88d88f elementor-widget elementor-widget-text-editor\" data-id=\"f88d88f\" data-element_type=\"widget\" data-settings=\"{&quot;_animation&quot;:&quot;none&quot;}\" data-widget_type=\"text-editor.default\">\n\t\t\t\t\t\t\t\t\t<p style=\"text-align: center;\">Avec un <strong>don<\/strong> plus important, nous pourrons faire encore plus et mener \u00e0 bien notre projet plus rapidement.<\/p>\n<p><\/p>\t\t\t\t\t\t\t\t<\/div>\n\t\t\t\t<div class=\"elementor-element elementor-element-c055342 elementor-align-center elementor-widget elementor-widget-button\" data-id=\"c055342\" data-element_type=\"widget\" data-settings=\"{&quot;_animation&quot;:&quot;none&quot;}\" data-widget_type=\"button.default\">\n\t\t\t\t\t\t\t\t\t\t<a class=\"elementor-button elementor-button-link elementor-size-sm\" href=\"https:\/\/imani4children.org\/fr\/dona-ora\/\">\n\t\t\t\t\t\t<span class=\"elementor-button-content-wrapper\">\n\t\t\t\t\t\t\t\t\t<span class=\"elementor-button-text\">FAIRE UN DON<\/span>\n\t\t\t\t\t<\/span>\n\t\t\t\t\t<\/a>\n\t\t\t\t\t\t\t\t<\/div>\n\t\t\t\t<div class=\"elementor-element elementor-element-17eb3d5 elementor-widget elementor-widget-spacer\" data-id=\"17eb3d5\" data-element_type=\"widget\" data-widget_type=\"spacer.default\">\n\t\t\t\t\t\t\t<div class=\"elementor-spacer\">\n\t\t\t<div class=\"elementor-spacer-inner\"><\/div>\n\t\t<\/div>\n\t\t\t\t\t\t<\/div>\n\t\t\t\t<\/div>\n\t\t<div class=\"elementor-element elementor-element-92e0e00 e-flex e-con-boxed e-con e-parent\" data-id=\"92e0e00\" data-element_type=\"container\">\n\t\t\t\t\t<div class=\"e-con-inner\">\n\t\t\t\t<div class=\"elementor-element elementor-element-d9603ff elementor-invisible elementor-widget elementor-widget-text-editor\" data-id=\"d9603ff\" data-element_type=\"widget\" data-settings=\"{&quot;_animation&quot;:&quot;zoomIn&quot;}\" data-widget_type=\"text-editor.default\">\n\t\t\t\t\t\t\t\t\t<h2 style=\"text-align: center;\"><strong>Ensemble, faisons en sorte que les r\u00eaves les plus grands soient possibles pour ceux qui en ont besoin !<\/strong><\/h2>\n<p><\/p>\t\t\t\t\t\t\t\t<\/div>\n\t\t\t\t\t<\/div>\n\t\t\t\t<\/div>\n\t\t\t\t<\/div>\n\t\t","protected":false},"excerpt":{"rendered":"<p>Devenir membre vous permet de rejoindre notre famille, de faire une petite contribution annuelle (qui est importante pour nous), de [&hellip;]<\/p>\n","protected":false},"author":1,"featured_media":2711,"parent":0,"menu_order":0,"comment_status":"closed","ping_status":"closed","template":"elementor_header_footer","meta":{"_eb_attr":"","site-sidebar-layout":"default","site-content-layout":"","ast-site-content-layout":"full-width-container","site-content-style":"default","site-sidebar-style":"default","ast-global-header-display":"","ast-banner-title-visibility":"","ast-main-header-display":"","ast-hfb-above-header-display":"","ast-hfb-below-header-display":"","ast-hfb-mobile-header-display":"","site-post-title":"","ast-breadcrumbs-content":"","ast-featured-img":"","footer-sml-layout":"","ast-disable-related-posts":"","theme-transparent-header-meta":"","adv-header-id-meta":"","stick-header-meta":"","header-above-stick-meta":"","header-main-stick-meta":"","header-below-stick-meta":"","astra-migrate-meta-layouts":"default","ast-page-background-enabled":"default","ast-page-background-meta":{"desktop":{"background-color":"var(--ast-global-color-5)","background-image":"","background-repeat":"repeat","background-position":"center center","background-size":"auto","background-attachment":"scroll","background-type":"","background-media":"","overlay-type":"","overlay-color":"","overlay-opacity":"","overlay-gradient":""},"tablet":{"background-color":"","background-image":"","background-repeat":"repeat","background-position":"center center","background-size":"auto","background-attachment":"scroll","background-type":"","background-media":"","overlay-type":"","overlay-color":"","overlay-opacity":"","overlay-gradient":""},"mobile":{"background-color":"","background-image":"","background-repeat":"repeat","background-position":"center center","background-size":"auto","background-attachment":"scroll","background-type":"","background-media":"","overlay-type":"","overlay-color":"","overlay-opacity":"","overlay-gradient":""}},"ast-content-background-meta":{"desktop":{"background-color":"var(--ast-global-color-4)","background-image":"","background-repeat":"repeat","background-position":"center center","background-size":"auto","background-attachment":"scroll","background-type":"","background-media":"","overlay-type":"","overlay-color":"","overlay-opacity":"","overlay-gradient":""},"tablet":{"background-color":"var(--ast-global-color-4)","background-image":"","background-repeat":"repeat","background-position":"center center","background-size":"auto","background-attachment":"scroll","background-type":"","background-media":"","overlay-type":"","overlay-color":"","overlay-opacity":"","overlay-gradient":""},"mobile":{"background-color":"var(--ast-global-color-4)","background-image":"","background-repeat":"repeat","background-position":"center center","background-size":"auto","background-attachment":"scroll","background-type":"","background-media":"","overlay-type":"","overlay-color":"","overlay-opacity":"","overlay-gradient":""}},"footnotes":""},"class_list":["post-3234","page","type-page","status-publish","has-post-thumbnail","hentry"],"yoast_head":"<!-- This site is optimized with the Yoast SEO plugin v26.1.1 - https:\/\/yoast.com\/wordpress\/plugins\/seo\/ -->\n<title>Aidez nous - IMANI4CHILDREN - I4C<\/title>\n<meta name=\"robots\" content=\"index, follow, max-snippet:-1, max-image-preview:large, max-video-preview:-1\" \/>\n<link rel=\"canonical\" href=\"https:\/\/imani4children.org\/fr\/aidez-nous\/\" \/>\n<meta property=\"og:locale\" content=\"fr_FR\" \/>\n<meta property=\"og:type\" content=\"article\" \/>\n<meta property=\"og:title\" content=\"Aidez nous - IMANI4CHILDREN - I4C\" \/>\n<meta property=\"og:description\" content=\"Devenir membre vous permet de rejoindre notre famille, de faire une petite contribution annuelle (qui est importante pour nous), de [&hellip;]\" \/>\n<meta property=\"og:url\" content=\"https:\/\/imani4children.org\/fr\/aidez-nous\/\" \/>\n<meta property=\"og:site_name\" content=\"IMANI4CHILDREN - I4C\" \/>\n<meta property=\"article:modified_time\" content=\"2026-03-02T09:05:42+00:00\" \/>\n<meta property=\"og:image\" content=\"https:\/\/imani4children.org\/wp-content\/uploads\/2025\/10\/ragazzi-africani-che-si-godono-la-vita-550-kb-landscape-scaled.jpeg\" \/>\n\t<meta property=\"og:image:width\" content=\"2560\" \/>\n\t<meta property=\"og:image:height\" content=\"1707\" \/>\n\t<meta property=\"og:image:type\" content=\"image\/jpeg\" \/>\n<meta name=\"twitter:card\" content=\"summary_large_image\" \/>\n<meta name=\"twitter:label1\" content=\"Dur\u00e9e de lecture estim\u00e9e\" \/>\n\t<meta name=\"twitter:data1\" content=\"1 minute\" \/>\n<script type=\"application\/ld+json\" class=\"yoast-schema-graph\">{\"@context\":\"https:\/\/schema.org\",\"@graph\":[{\"@type\":\"WebPage\",\"@id\":\"https:\/\/imani4children.org\/fr\/aidez-nous\/\",\"url\":\"https:\/\/imani4children.org\/fr\/aidez-nous\/\",\"name\":\"Aidez nous - IMANI4CHILDREN - I4C\",\"isPartOf\":{\"@id\":\"https:\/\/imani4children.org\/fr\/#website\"},\"primaryImageOfPage\":{\"@id\":\"https:\/\/imani4children.org\/fr\/aidez-nous\/#primaryimage\"},\"image\":{\"@id\":\"https:\/\/imani4children.org\/fr\/aidez-nous\/#primaryimage\"},\"thumbnailUrl\":\"https:\/\/imani4children.org\/wp-content\/uploads\/2025\/10\/ragazzi-africani-che-si-godono-la-vita-550-kb-landscape-scaled.jpeg\",\"datePublished\":\"2025-10-14T08:49:41+00:00\",\"dateModified\":\"2026-03-02T09:05:42+00:00\",\"breadcrumb\":{\"@id\":\"https:\/\/imani4children.org\/fr\/aidez-nous\/#breadcrumb\"},\"inLanguage\":\"fr-FR\",\"potentialAction\":[{\"@type\":\"ReadAction\",\"target\":[\"https:\/\/imani4children.org\/fr\/aidez-nous\/\"]}]},{\"@type\":\"ImageObject\",\"inLanguage\":\"fr-FR\",\"@id\":\"https:\/\/imani4children.org\/fr\/aidez-nous\/#primaryimage\",\"url\":\"https:\/\/imani4children.org\/wp-content\/uploads\/2025\/10\/ragazzi-africani-che-si-godono-la-vita-550-kb-landscape-scaled.jpeg\",\"contentUrl\":\"https:\/\/imani4children.org\/wp-content\/uploads\/2025\/10\/ragazzi-africani-che-si-godono-la-vita-550-kb-landscape-scaled.jpeg\",\"width\":2560,\"height\":1707,\"caption\":\"bimbi africani\"},{\"@type\":\"BreadcrumbList\",\"@id\":\"https:\/\/imani4children.org\/fr\/aidez-nous\/#breadcrumb\",\"itemListElement\":[{\"@type\":\"ListItem\",\"position\":1,\"name\":\"Home\",\"item\":\"https:\/\/imani4children.org\/fr\/\"},{\"@type\":\"ListItem\",\"position\":2,\"name\":\"Aidez nous\"}]},{\"@type\":\"WebSite\",\"@id\":\"https:\/\/imani4children.org\/fr\/#website\",\"url\":\"https:\/\/imani4children.org\/fr\/\",\"name\":\"IMANI4CHILDREN - I4C\",\"description\":\"Under Construction\",\"publisher\":{\"@id\":\"https:\/\/imani4children.org\/fr\/#organization\"},\"potentialAction\":[{\"@type\":\"SearchAction\",\"target\":{\"@type\":\"EntryPoint\",\"urlTemplate\":\"https:\/\/imani4children.org\/fr\/?s={search_term_string}\"},\"query-input\":{\"@type\":\"PropertyValueSpecification\",\"valueRequired\":true,\"valueName\":\"search_term_string\"}}],\"inLanguage\":\"fr-FR\"},{\"@type\":\"Organization\",\"@id\":\"https:\/\/imani4children.org\/fr\/#organization\",\"name\":\"IMANI4CHILDREN - I4C\",\"url\":\"https:\/\/imani4children.org\/fr\/\",\"logo\":{\"@type\":\"ImageObject\",\"inLanguage\":\"fr-FR\",\"@id\":\"https:\/\/imani4children.org\/fr\/#\/schema\/logo\/image\/\",\"url\":\"https:\/\/imani4children.org\/wp-content\/uploads\/2025\/11\/imani4children-logo.jpg\",\"contentUrl\":\"https:\/\/imani4children.org\/wp-content\/uploads\/2025\/11\/imani4children-logo.jpg\",\"width\":1137,\"height\":320,\"caption\":\"IMANI4CHILDREN - I4C\"},\"image\":{\"@id\":\"https:\/\/imani4children.org\/fr\/#\/schema\/logo\/image\/\"}}]}<\/script>\n<!-- \/ Yoast SEO plugin. -->","yoast_head_json":{"title":"Aidez nous - IMANI4CHILDREN - I4C","robots":{"index":"index","follow":"follow","max-snippet":"max-snippet:-1","max-image-preview":"max-image-preview:large","max-video-preview":"max-video-preview:-1"},"canonical":"https:\/\/imani4children.org\/fr\/aidez-nous\/","og_locale":"fr_FR","og_type":"article","og_title":"Aidez nous - IMANI4CHILDREN - I4C","og_description":"Devenir membre vous permet de rejoindre notre famille, de faire une petite contribution annuelle (qui est importante pour nous), de [&hellip;]","og_url":"https:\/\/imani4children.org\/fr\/aidez-nous\/","og_site_name":"IMANI4CHILDREN - I4C","article_modified_time":"2026-03-02T09:05:42+00:00","og_image":[{"width":2560,"height":1707,"url":"https:\/\/imani4children.org\/wp-content\/uploads\/2025\/10\/ragazzi-africani-che-si-godono-la-vita-550-kb-landscape-scaled.jpeg","type":"image\/jpeg"}],"twitter_card":"summary_large_image","twitter_misc":{"Dur\u00e9e de lecture estim\u00e9e":"1 minute"},"schema":{"@context":"https:\/\/schema.org","@graph":[{"@type":"WebPage","@id":"https:\/\/imani4children.org\/fr\/aidez-nous\/","url":"https:\/\/imani4children.org\/fr\/aidez-nous\/","name":"Aidez nous - IMANI4CHILDREN - I4C","isPartOf":{"@id":"https:\/\/imani4children.org\/fr\/#website"},"primaryImageOfPage":{"@id":"https:\/\/imani4children.org\/fr\/aidez-nous\/#primaryimage"},"image":{"@id":"https:\/\/imani4children.org\/fr\/aidez-nous\/#primaryimage"},"thumbnailUrl":"https:\/\/imani4children.org\/wp-content\/uploads\/2025\/10\/ragazzi-africani-che-si-godono-la-vita-550-kb-landscape-scaled.jpeg","datePublished":"2025-10-14T08:49:41+00:00","dateModified":"2026-03-02T09:05:42+00:00","breadcrumb":{"@id":"https:\/\/imani4children.org\/fr\/aidez-nous\/#breadcrumb"},"inLanguage":"fr-FR","potentialAction":[{"@type":"ReadAction","target":["https:\/\/imani4children.org\/fr\/aidez-nous\/"]}]},{"@type":"ImageObject","inLanguage":"fr-FR","@id":"https:\/\/imani4children.org\/fr\/aidez-nous\/#primaryimage","url":"https:\/\/imani4children.org\/wp-content\/uploads\/2025\/10\/ragazzi-africani-che-si-godono-la-vita-550-kb-landscape-scaled.jpeg","contentUrl":"https:\/\/imani4children.org\/wp-content\/uploads\/2025\/10\/ragazzi-africani-che-si-godono-la-vita-550-kb-landscape-scaled.jpeg","width":2560,"height":1707,"caption":"bimbi africani"},{"@type":"BreadcrumbList","@id":"https:\/\/imani4children.org\/fr\/aidez-nous\/#breadcrumb","itemListElement":[{"@type":"ListItem","position":1,"name":"Home","item":"https:\/\/imani4children.org\/fr\/"},{"@type":"ListItem","position":2,"name":"Aidez nous"}]},{"@type":"WebSite","@id":"https:\/\/imani4children.org\/fr\/#website","url":"https:\/\/imani4children.org\/fr\/","name":"IMANI4CHILDREN - I4C","description":"Under Construction","publisher":{"@id":"https:\/\/imani4children.org\/fr\/#organization"},"potentialAction":[{"@type":"SearchAction","target":{"@type":"EntryPoint","urlTemplate":"https:\/\/imani4children.org\/fr\/?s={search_term_string}"},"query-input":{"@type":"PropertyValueSpecification","valueRequired":true,"valueName":"search_term_string"}}],"inLanguage":"fr-FR"},{"@type":"Organization","@id":"https:\/\/imani4children.org\/fr\/#organization","name":"IMANI4CHILDREN - I4C","url":"https:\/\/imani4children.org\/fr\/","logo":{"@type":"ImageObject","inLanguage":"fr-FR","@id":"https:\/\/imani4children.org\/fr\/#\/schema\/logo\/image\/","url":"https:\/\/imani4children.org\/wp-content\/uploads\/2025\/11\/imani4children-logo.jpg","contentUrl":"https:\/\/imani4children.org\/wp-content\/uploads\/2025\/11\/imani4children-logo.jpg","width":1137,"height":320,"caption":"IMANI4CHILDREN - I4C"},"image":{"@id":"https:\/\/imani4children.org\/fr\/#\/schema\/logo\/image\/"}}]}},"_links":{"self":[{"href":"https:\/\/imani4children.org\/fr\/wp-json\/wp\/v2\/pages\/3234","targetHints":{"allow":["GET"]}}],"collection":[{"href":"https:\/\/imani4children.org\/fr\/wp-json\/wp\/v2\/pages"}],"about":[{"href":"https:\/\/imani4children.org\/fr\/wp-json\/wp\/v2\/types\/page"}],"author":[{"embeddable":true,"href":"https:\/\/imani4children.org\/fr\/wp-json\/wp\/v2\/users\/1"}],"replies":[{"embeddable":true,"href":"https:\/\/imani4children.org\/fr\/wp-json\/wp\/v2\/comments?post=3234"}],"version-history":[{"count":4,"href":"https:\/\/imani4children.org\/fr\/wp-json\/wp\/v2\/pages\/3234\/revisions"}],"predecessor-version":[{"id":3372,"href":"https:\/\/imani4children.org\/fr\/wp-json\/wp\/v2\/pages\/3234\/revisions\/3372"}],"wp:featuredmedia":[{"embeddable":true,"href":"https:\/\/imani4children.org\/fr\/wp-json\/wp\/v2\/media\/2711"}],"wp:attachment":[{"href":"https:\/\/imani4children.org\/fr\/wp-json\/wp\/v2\/media?parent=3234"}],"curies":[{"name":"wp","href":"https:\/\/api.w.org\/{rel}","templated":true}]}}