{"id":3201,"date":"2025-10-30T10:50:18","date_gmt":"2025-10-30T09:50:18","guid":{"rendered":"https:\/\/imani4children.org\/?page_id=3201"},"modified":"2026-02-23T10:09:01","modified_gmt":"2026-02-23T09:09:01","slug":"dona-ora","status":"publish","type":"page","link":"https:\/\/imani4children.org\/fr\/dona-ora\/","title":{"rendered":"Faites un don maintenant"},"content":{"rendered":"\t\t<div data-elementor-type=\"wp-page\" data-elementor-id=\"3201\" class=\"elementor elementor-3201 elementor-800\">\n\t\t\t\t<div class=\"elementor-element elementor-element-e592967 e-flex e-con-boxed e-con e-parent\" data-id=\"e592967\" data-element_type=\"container\">\n\t\t\t\t\t<div class=\"e-con-inner\">\n\t\t\t\t<div class=\"elementor-element elementor-element-680799a6 elementor-widget__width-initial elementor-widget elementor-widget-text-editor\" data-id=\"680799a6\" data-element_type=\"widget\" data-widget_type=\"text-editor.default\">\n\t\t\t\t\t\t\t\t\t\n<div class=\"wp-block-columns\">\n<div class=\"wp-block-column\">\n<p class=\"has-medium-font-size\" style=\"padding: 0;\"><strong>Gr\u00e2ce \u00e0 votre abonnement, nous pouvons accomplir beaucoup de choses.<br \/><\/strong><strong>Avec un don plus important, nous pourrons en faire encore plus et mener \u00e0 bien notre projet plus rapidement.<\/strong><\/p>\n\n<p class=\"has-medium-font-size\">Ensemble, nous rendons possibles des r\u00eaves toujours plus grands pour ceux qui en ont besoin.<\/p>\n<\/div>\n<\/div>\n\t\t\t\t\t\t\t\t<\/div>\n\t\t<div class=\"elementor-element elementor-element-63b1645 e-con-full e-flex e-con e-child\" data-id=\"63b1645\" data-element_type=\"container\">\n\t\t\t\t<div class=\"elementor-element elementor-element-eccb791 elementor-widget elementor-widget-shortcode\" data-id=\"eccb791\" data-element_type=\"widget\" data-widget_type=\"shortcode.default\">\n\t\t\t\t\t\t\t<div class=\"elementor-shortcode\">\n<div class=\"wpcf7 no-js\" id=\"wpcf7-f3204-o1\" lang=\"fr-FR\" dir=\"ltr\" data-wpcf7-id=\"3204\">\n<div class=\"screen-reader-response\"><p role=\"status\" aria-live=\"polite\" aria-atomic=\"true\"><\/p> <ul><\/ul><\/div>\n<form action=\"\/fr\/wp-json\/wp\/v2\/pages\/3201#wpcf7-f3204-o1\" method=\"post\" class=\"wpcf7-form init\" aria-label=\"Formulaire de contact\" novalidate=\"novalidate\" data-status=\"init\">\n<fieldset class=\"hidden-fields-container\"><input type=\"hidden\" name=\"_wpcf7\" value=\"3204\" \/><input type=\"hidden\" name=\"_wpcf7_version\" value=\"6.1.4\" \/><input type=\"hidden\" name=\"_wpcf7_locale\" value=\"fr_FR\" \/><input type=\"hidden\" name=\"_wpcf7_unit_tag\" value=\"wpcf7-f3204-o1\" \/><input type=\"hidden\" name=\"_wpcf7_container_post\" value=\"0\" \/><input type=\"hidden\" name=\"_wpcf7_posted_data_hash\" value=\"\" \/>\n<\/fieldset>\n<p><label>Nom et Pr\u00e9nom*<br \/>\n<span class=\"wpcf7-form-control-wrap\" data-name=\"your-name\"><input size=\"40\" maxlength=\"400\" class=\"wpcf7-form-control wpcf7-text wpcf7-validates-as-required\" aria-required=\"true\" aria-invalid=\"false\" placeholder=\"Nom et Pr\u00e9nom\" value=\"\" type=\"text\" name=\"your-name\" \/><\/span><\/label>\n<\/p>\n<p><label>R\u00e9sident \u00e0*<br \/>\n<span class=\"wpcf7-form-control-wrap\" data-name=\"indirizzo\"><input size=\"40\" maxlength=\"400\" class=\"wpcf7-form-control wpcf7-text wpcf7-validates-as-required\" aria-required=\"true\" aria-invalid=\"false\" placeholder=\"Rue, Code postal, Ville, Province\" value=\"\" type=\"text\" name=\"indirizzo\" \/><\/span><\/label>\n<\/p>\n<p><label>T\u00e9l\u00e9phone*<br \/>\n<span class=\"wpcf7-form-control-wrap\" data-name=\"phone\"><input size=\"40\" maxlength=\"400\" class=\"wpcf7-form-control wpcf7-text wpcf7-validates-as-required\" aria-required=\"true\" aria-invalid=\"false\" placeholder=\"T\u00e9l\u00e9phone\" value=\"\" type=\"text\" name=\"phone\" \/><\/span><\/label>\n<\/p>\n<p><label>Email*<br \/>\n<span class=\"wpcf7-form-control-wrap\" data-name=\"your-email\"><input size=\"40\" maxlength=\"400\" class=\"wpcf7-form-control wpcf7-email wpcf7-validates-as-required wpcf7-text wpcf7-validates-as-email\" aria-required=\"true\" aria-invalid=\"false\" placeholder=\"Email\" value=\"\" type=\"email\" name=\"your-email\" \/><\/span><\/label>\n<\/p>\n<p><label>Code d'identification fiscale*<br \/>\n<span class=\"wpcf7-form-control-wrap\" data-name=\"codice-fiscale\"><input size=\"40\" maxlength=\"400\" class=\"wpcf7-form-control wpcf7-text wpcf7-validates-as-required\" aria-required=\"true\" aria-invalid=\"false\" placeholder=\"Code d&#039;identification fiscale\" value=\"\" type=\"text\" name=\"codice-fiscale\" \/><\/span><\/label>\n<\/p>\n<p><label>Nom de l'entreprise (le cas \u00e9ch\u00e9ant)<br \/>\n<span class=\"wpcf7-form-control-wrap\" data-name=\"ragione-sociale\"><input size=\"40\" maxlength=\"400\" class=\"wpcf7-form-control wpcf7-text\" aria-invalid=\"false\" placeholder=\"Nom de l&#039;entreprise\" value=\"\" type=\"text\" name=\"ragione-sociale\" \/><\/span><\/label>\n<\/p>\n<p><label>Num\u00e9ro de TVA (le cas \u00e9ch\u00e9ant)<br \/>\n<span class=\"wpcf7-form-control-wrap\" data-name=\"partita-iva\"><input size=\"40\" maxlength=\"400\" class=\"wpcf7-form-control wpcf7-text\" aria-invalid=\"false\" placeholder=\"Num\u00e9ro de TVA\" value=\"\" type=\"text\" name=\"partita-iva\" \/><\/span><\/label>\n<\/p>\n<p>Mode de paiement<br \/>\n<span class=\"wpcf7-form-control-wrap\" data-name=\"radio-564\"><span class=\"wpcf7-form-control wpcf7-radio\"><span class=\"wpcf7-list-item first\"><label><input type=\"radio\" name=\"radio-564\" value=\"Carte ou PayPal\" \/><span class=\"wpcf7-list-item-label\">Carte ou PayPal<\/span><\/label><\/span><span class=\"wpcf7-list-item last\"><label><input type=\"radio\" name=\"radio-564\" value=\"Virement bancaire\" \/><span class=\"wpcf7-list-item-label\">Virement bancaire<\/span><\/label><\/span><\/span><\/span>\n<\/p>\n<input class=\"wpcf7-form-control wpcf7-hidden\" value=\"Donazione\" type=\"hidden\" name=\"your-subject\" \/>\n<p><span class=\"wpcf7-form-control-wrap\" data-name=\"Privacy-Policy\"><span class=\"wpcf7-form-control wpcf7-acceptance\"><span class=\"wpcf7-list-item\"><label><input type=\"checkbox\" name=\"Privacy-Policy\" value=\"1\" aria-invalid=\"false\" \/><span class=\"wpcf7-list-item-label\">Je d\u00e9clare avoir lu et accept\u00e9 le <a href=\"https:\/\/www.iubenda.com\/privacy-policy\/78746352\" target=\"_blank\">Privacy Policy<\/a>.<\/span><\/label><\/span><\/span><\/span>\n<\/p>\n<p><input class=\"wpcf7-form-control wpcf7-submit has-spinner\" type=\"submit\" value=\"Faites un don maintenant\" \/>\n<\/p><p style=\"display: none !important;\" class=\"akismet-fields-container\" data-prefix=\"_wpcf7_ak_\"><label>&#916;<textarea name=\"_wpcf7_ak_hp_textarea\" cols=\"45\" rows=\"8\" maxlength=\"100\"><\/textarea><\/label><input type=\"hidden\" id=\"ak_js_1\" name=\"_wpcf7_ak_js\" value=\"155\"\/><script>document.getElementById( \"ak_js_1\" ).setAttribute( \"value\", ( new Date() ).getTime() );<\/script><\/p><div class=\"wpcf7-response-output\" aria-hidden=\"true\"><\/div>\n<\/form>\n<\/div>\n<\/div>\n\t\t\t\t\t\t<\/div>\n\t\t\t\t<\/div>\n\t\t\t\t\t<\/div>\n\t\t\t\t<\/div>\n\t\t<div class=\"elementor-element elementor-element-57f510ea e-flex e-con-boxed e-con e-parent\" data-id=\"57f510ea\" data-element_type=\"container\">\n\t\t\t\t\t<div class=\"e-con-inner\">\n\t\t\t\t\t<\/div>\n\t\t\t\t<\/div>\n\t\t\t\t<\/div>\n\t\t","protected":false},"excerpt":{"rendered":"<p>Gr\u00e2ce \u00e0 votre abonnement, nous pouvons accomplir beaucoup de choses.Avec un don plus important, nous pourrons en faire encore plus [&hellip;]<\/p>\n","protected":false},"author":1,"featured_media":2736,"parent":0,"menu_order":0,"comment_status":"closed","ping_status":"closed","template":"","meta":{"_eb_attr":"","site-sidebar-layout":"default","site-content-layout":"","ast-site-content-layout":"default","site-content-style":"default","site-sidebar-style":"default","ast-global-header-display":"","ast-banner-title-visibility":"","ast-main-header-display":"","ast-hfb-above-header-display":"","ast-hfb-below-header-display":"","ast-hfb-mobile-header-display":"","site-post-title":"","ast-breadcrumbs-content":"","ast-featured-img":"","footer-sml-layout":"","ast-disable-related-posts":"","theme-transparent-header-meta":"","adv-header-id-meta":"","stick-header-meta":"","header-above-stick-meta":"","header-main-stick-meta":"","header-below-stick-meta":"","astra-migrate-meta-layouts":"default","ast-page-background-enabled":"default","ast-page-background-meta":{"desktop":{"background-color":"var(--ast-global-color-5)","background-image":"","background-repeat":"repeat","background-position":"center center","background-size":"auto","background-attachment":"scroll","background-type":"","background-media":"","overlay-type":"","overlay-color":"","overlay-opacity":"","overlay-gradient":""},"tablet":{"background-color":"","background-image":"","background-repeat":"repeat","background-position":"center center","background-size":"auto","background-attachment":"scroll","background-type":"","background-media":"","overlay-type":"","overlay-color":"","overlay-opacity":"","overlay-gradient":""},"mobile":{"background-color":"","background-image":"","background-repeat":"repeat","background-position":"center center","background-size":"auto","background-attachment":"scroll","background-type":"","background-media":"","overlay-type":"","overlay-color":"","overlay-opacity":"","overlay-gradient":""}},"ast-content-background-meta":{"desktop":{"background-color":"var(--ast-global-color-4)","background-image":"","background-repeat":"repeat","background-position":"center center","background-size":"auto","background-attachment":"scroll","background-type":"","background-media":"","overlay-type":"","overlay-color":"","overlay-opacity":"","overlay-gradient":""},"tablet":{"background-color":"var(--ast-global-color-4)","background-image":"","background-repeat":"repeat","background-position":"center center","background-size":"auto","background-attachment":"scroll","background-type":"","background-media":"","overlay-type":"","overlay-color":"","overlay-opacity":"","overlay-gradient":""},"mobile":{"background-color":"var(--ast-global-color-4)","background-image":"","background-repeat":"repeat","background-position":"center center","background-size":"auto","background-attachment":"scroll","background-type":"","background-media":"","overlay-type":"","overlay-color":"","overlay-opacity":"","overlay-gradient":""}},"footnotes":""},"class_list":["post-3201","page","type-page","status-publish","has-post-thumbnail","hentry"],"yoast_head":"<!-- This site is optimized with the Yoast SEO plugin v26.1.1 - https:\/\/yoast.com\/wordpress\/plugins\/seo\/ -->\n<title>Faites un don maintenant - IMANI4CHILDREN - I4C<\/title>\n<meta name=\"robots\" content=\"index, follow, max-snippet:-1, max-image-preview:large, max-video-preview:-1\" \/>\n<link rel=\"canonical\" href=\"https:\/\/imani4children.org\/fr\/dona-ora\/\" \/>\n<meta property=\"og:locale\" content=\"fr_FR\" \/>\n<meta property=\"og:type\" content=\"article\" \/>\n<meta property=\"og:title\" content=\"Faites un don maintenant - IMANI4CHILDREN - I4C\" \/>\n<meta property=\"og:description\" content=\"Gr\u00e2ce \u00e0 votre abonnement, nous pouvons accomplir beaucoup de choses.Avec un don plus important, nous pourrons en faire encore plus [&hellip;]\" \/>\n<meta property=\"og:url\" content=\"https:\/\/imani4children.org\/fr\/dona-ora\/\" \/>\n<meta property=\"og:site_name\" content=\"IMANI4CHILDREN - I4C\" \/>\n<meta property=\"article:modified_time\" content=\"2026-02-23T09:09:01+00:00\" \/>\n<meta property=\"og:image\" content=\"https:\/\/imani4children.org\/wp-content\/uploads\/2025\/10\/foto-evento-29.jpg\" \/>\n\t<meta property=\"og:image:width\" content=\"1518\" \/>\n\t<meta property=\"og:image:height\" content=\"432\" \/>\n\t<meta property=\"og:image:type\" content=\"image\/jpeg\" \/>\n<meta name=\"twitter:card\" content=\"summary_large_image\" \/>\n<meta name=\"twitter:label1\" content=\"Dur\u00e9e de lecture estim\u00e9e\" \/>\n\t<meta name=\"twitter:data1\" content=\"1 minute\" \/>\n<script type=\"application\/ld+json\" class=\"yoast-schema-graph\">{\"@context\":\"https:\/\/schema.org\",\"@graph\":[{\"@type\":\"WebPage\",\"@id\":\"https:\/\/imani4children.org\/fr\/dona-ora\/\",\"url\":\"https:\/\/imani4children.org\/fr\/dona-ora\/\",\"name\":\"Faites un don maintenant - IMANI4CHILDREN - I4C\",\"isPartOf\":{\"@id\":\"https:\/\/imani4children.org\/fr\/#website\"},\"primaryImageOfPage\":{\"@id\":\"https:\/\/imani4children.org\/fr\/dona-ora\/#primaryimage\"},\"image\":{\"@id\":\"https:\/\/imani4children.org\/fr\/dona-ora\/#primaryimage\"},\"thumbnailUrl\":\"https:\/\/imani4children.org\/wp-content\/uploads\/2025\/10\/foto-evento-29.jpg\",\"datePublished\":\"2025-10-30T09:50:18+00:00\",\"dateModified\":\"2026-02-23T09:09:01+00:00\",\"breadcrumb\":{\"@id\":\"https:\/\/imani4children.org\/fr\/dona-ora\/#breadcrumb\"},\"inLanguage\":\"fr-FR\",\"potentialAction\":[{\"@type\":\"ReadAction\",\"target\":[\"https:\/\/imani4children.org\/fr\/dona-ora\/\"]}]},{\"@type\":\"ImageObject\",\"inLanguage\":\"fr-FR\",\"@id\":\"https:\/\/imani4children.org\/fr\/dona-ora\/#primaryimage\",\"url\":\"https:\/\/imani4children.org\/wp-content\/uploads\/2025\/10\/foto-evento-29.jpg\",\"contentUrl\":\"https:\/\/imani4children.org\/wp-content\/uploads\/2025\/10\/foto-evento-29.jpg\",\"width\":1518,\"height\":432,\"caption\":\"foto evento 29\"},{\"@type\":\"BreadcrumbList\",\"@id\":\"https:\/\/imani4children.org\/fr\/dona-ora\/#breadcrumb\",\"itemListElement\":[{\"@type\":\"ListItem\",\"position\":1,\"name\":\"Home\",\"item\":\"https:\/\/imani4children.org\/fr\/\"},{\"@type\":\"ListItem\",\"position\":2,\"name\":\"Faites un don maintenant\"}]},{\"@type\":\"WebSite\",\"@id\":\"https:\/\/imani4children.org\/fr\/#website\",\"url\":\"https:\/\/imani4children.org\/fr\/\",\"name\":\"IMANI4CHILDREN - I4C\",\"description\":\"Under Construction\",\"publisher\":{\"@id\":\"https:\/\/imani4children.org\/fr\/#organization\"},\"potentialAction\":[{\"@type\":\"SearchAction\",\"target\":{\"@type\":\"EntryPoint\",\"urlTemplate\":\"https:\/\/imani4children.org\/fr\/?s={search_term_string}\"},\"query-input\":{\"@type\":\"PropertyValueSpecification\",\"valueRequired\":true,\"valueName\":\"search_term_string\"}}],\"inLanguage\":\"fr-FR\"},{\"@type\":\"Organization\",\"@id\":\"https:\/\/imani4children.org\/fr\/#organization\",\"name\":\"IMANI4CHILDREN - I4C\",\"url\":\"https:\/\/imani4children.org\/fr\/\",\"logo\":{\"@type\":\"ImageObject\",\"inLanguage\":\"fr-FR\",\"@id\":\"https:\/\/imani4children.org\/fr\/#\/schema\/logo\/image\/\",\"url\":\"https:\/\/imani4children.org\/wp-content\/uploads\/2025\/11\/imani4children-logo.jpg\",\"contentUrl\":\"https:\/\/imani4children.org\/wp-content\/uploads\/2025\/11\/imani4children-logo.jpg\",\"width\":1137,\"height\":320,\"caption\":\"IMANI4CHILDREN - I4C\"},\"image\":{\"@id\":\"https:\/\/imani4children.org\/fr\/#\/schema\/logo\/image\/\"}}]}<\/script>\n<!-- \/ Yoast SEO plugin. -->","yoast_head_json":{"title":"Faites un don maintenant - IMANI4CHILDREN - I4C","robots":{"index":"index","follow":"follow","max-snippet":"max-snippet:-1","max-image-preview":"max-image-preview:large","max-video-preview":"max-video-preview:-1"},"canonical":"https:\/\/imani4children.org\/fr\/dona-ora\/","og_locale":"fr_FR","og_type":"article","og_title":"Faites un don maintenant - IMANI4CHILDREN - I4C","og_description":"Gr\u00e2ce \u00e0 votre abonnement, nous pouvons accomplir beaucoup de choses.Avec un don plus important, nous pourrons en faire encore plus [&hellip;]","og_url":"https:\/\/imani4children.org\/fr\/dona-ora\/","og_site_name":"IMANI4CHILDREN - I4C","article_modified_time":"2026-02-23T09:09:01+00:00","og_image":[{"width":1518,"height":432,"url":"https:\/\/imani4children.org\/wp-content\/uploads\/2025\/10\/foto-evento-29.jpg","type":"image\/jpeg"}],"twitter_card":"summary_large_image","twitter_misc":{"Dur\u00e9e de lecture estim\u00e9e":"1 minute"},"schema":{"@context":"https:\/\/schema.org","@graph":[{"@type":"WebPage","@id":"https:\/\/imani4children.org\/fr\/dona-ora\/","url":"https:\/\/imani4children.org\/fr\/dona-ora\/","name":"Faites un don maintenant - IMANI4CHILDREN - I4C","isPartOf":{"@id":"https:\/\/imani4children.org\/fr\/#website"},"primaryImageOfPage":{"@id":"https:\/\/imani4children.org\/fr\/dona-ora\/#primaryimage"},"image":{"@id":"https:\/\/imani4children.org\/fr\/dona-ora\/#primaryimage"},"thumbnailUrl":"https:\/\/imani4children.org\/wp-content\/uploads\/2025\/10\/foto-evento-29.jpg","datePublished":"2025-10-30T09:50:18+00:00","dateModified":"2026-02-23T09:09:01+00:00","breadcrumb":{"@id":"https:\/\/imani4children.org\/fr\/dona-ora\/#breadcrumb"},"inLanguage":"fr-FR","potentialAction":[{"@type":"ReadAction","target":["https:\/\/imani4children.org\/fr\/dona-ora\/"]}]},{"@type":"ImageObject","inLanguage":"fr-FR","@id":"https:\/\/imani4children.org\/fr\/dona-ora\/#primaryimage","url":"https:\/\/imani4children.org\/wp-content\/uploads\/2025\/10\/foto-evento-29.jpg","contentUrl":"https:\/\/imani4children.org\/wp-content\/uploads\/2025\/10\/foto-evento-29.jpg","width":1518,"height":432,"caption":"foto evento 29"},{"@type":"BreadcrumbList","@id":"https:\/\/imani4children.org\/fr\/dona-ora\/#breadcrumb","itemListElement":[{"@type":"ListItem","position":1,"name":"Home","item":"https:\/\/imani4children.org\/fr\/"},{"@type":"ListItem","position":2,"name":"Faites un don maintenant"}]},{"@type":"WebSite","@id":"https:\/\/imani4children.org\/fr\/#website","url":"https:\/\/imani4children.org\/fr\/","name":"IMANI4CHILDREN - I4C","description":"Under Construction","publisher":{"@id":"https:\/\/imani4children.org\/fr\/#organization"},"potentialAction":[{"@type":"SearchAction","target":{"@type":"EntryPoint","urlTemplate":"https:\/\/imani4children.org\/fr\/?s={search_term_string}"},"query-input":{"@type":"PropertyValueSpecification","valueRequired":true,"valueName":"search_term_string"}}],"inLanguage":"fr-FR"},{"@type":"Organization","@id":"https:\/\/imani4children.org\/fr\/#organization","name":"IMANI4CHILDREN - I4C","url":"https:\/\/imani4children.org\/fr\/","logo":{"@type":"ImageObject","inLanguage":"fr-FR","@id":"https:\/\/imani4children.org\/fr\/#\/schema\/logo\/image\/","url":"https:\/\/imani4children.org\/wp-content\/uploads\/2025\/11\/imani4children-logo.jpg","contentUrl":"https:\/\/imani4children.org\/wp-content\/uploads\/2025\/11\/imani4children-logo.jpg","width":1137,"height":320,"caption":"IMANI4CHILDREN - I4C"},"image":{"@id":"https:\/\/imani4children.org\/fr\/#\/schema\/logo\/image\/"}}]}},"_links":{"self":[{"href":"https:\/\/imani4children.org\/fr\/wp-json\/wp\/v2\/pages\/3201","targetHints":{"allow":["GET"]}}],"collection":[{"href":"https:\/\/imani4children.org\/fr\/wp-json\/wp\/v2\/pages"}],"about":[{"href":"https:\/\/imani4children.org\/fr\/wp-json\/wp\/v2\/types\/page"}],"author":[{"embeddable":true,"href":"https:\/\/imani4children.org\/fr\/wp-json\/wp\/v2\/users\/1"}],"replies":[{"embeddable":true,"href":"https:\/\/imani4children.org\/fr\/wp-json\/wp\/v2\/comments?post=3201"}],"version-history":[{"count":4,"href":"https:\/\/imani4children.org\/fr\/wp-json\/wp\/v2\/pages\/3201\/revisions"}],"predecessor-version":[{"id":3219,"href":"https:\/\/imani4children.org\/fr\/wp-json\/wp\/v2\/pages\/3201\/revisions\/3219"}],"wp:featuredmedia":[{"embeddable":true,"href":"https:\/\/imani4children.org\/fr\/wp-json\/wp\/v2\/media\/2736"}],"wp:attachment":[{"href":"https:\/\/imani4children.org\/fr\/wp-json\/wp\/v2\/media?parent=3201"}],"curies":[{"name":"wp","href":"https:\/\/api.w.org\/{rel}","templated":true}]}}