{"id":2765,"date":"2026-02-05T16:16:26","date_gmt":"2026-02-05T15:16:26","guid":{"rendered":"https:\/\/imani4children.org\/progetti\/"},"modified":"2026-03-16T21:58:25","modified_gmt":"2026-03-16T20:58:25","slug":"progetti","status":"publish","type":"page","link":"https:\/\/imani4children.org\/fr\/progetti\/","title":{"rendered":"Projets"},"content":{"rendered":"\t\t<div data-elementor-type=\"wp-page\" data-elementor-id=\"2765\" class=\"elementor elementor-2765 elementor-2375\">\n\t\t\t\t<div class=\"elementor-element elementor-element-f0f6946 e-flex e-con-boxed e-con e-parent\" data-id=\"f0f6946\" data-element_type=\"container\">\n\t\t\t\t\t<div class=\"e-con-inner\">\n\t\t\t\t<div class=\"elementor-element elementor-element-69c7b39 elementor-widget-divider--view-line elementor-widget elementor-widget-divider\" data-id=\"69c7b39\" data-element_type=\"widget\" data-widget_type=\"divider.default\">\n\t\t\t\t\t\t\t<div class=\"elementor-divider\">\n\t\t\t<span class=\"elementor-divider-separator\">\n\t\t\t\t\t\t<\/span>\n\t\t<\/div>\n\t\t\t\t\t\t<\/div>\n\t\t\t\t<div class=\"elementor-element elementor-element-ac05e64 elementor-widget elementor-widget-heading\" data-id=\"ac05e64\" data-element_type=\"widget\" data-widget_type=\"heading.default\">\n\t\t\t\t\t<h2 class=\"elementor-heading-title elementor-size-default\">D\u00e9couvrez nos projets financ\u00e9s et en cours.<\/h2>\t\t\t\t<\/div>\n\t\t\t\t<div class=\"elementor-element elementor-element-d93a70f elementor-widget-divider--view-line elementor-widget elementor-widget-divider\" data-id=\"d93a70f\" data-element_type=\"widget\" data-widget_type=\"divider.default\">\n\t\t\t\t\t\t\t<div class=\"elementor-divider\">\n\t\t\t<span class=\"elementor-divider-separator\">\n\t\t\t\t\t\t<\/span>\n\t\t<\/div>\n\t\t\t\t\t\t<\/div>\n\t\t\t\t\t<\/div>\n\t\t\t\t<\/div>\n\t\t<div class=\"elementor-element elementor-element-9839dec e-flex e-con-boxed e-con e-parent\" data-id=\"9839dec\" data-element_type=\"container\">\n\t\t\t\t\t<div class=\"e-con-inner\">\n\t\t<div class=\"elementor-element elementor-element-9d69c48 e-con-full e-flex e-con e-child\" data-id=\"9d69c48\" data-element_type=\"container\">\n\t\t\t\t<div class=\"elementor-element elementor-element-0fe7940 elementor-widget elementor-widget-image\" data-id=\"0fe7940\" data-element_type=\"widget\" data-widget_type=\"image.default\">\n\t\t\t\t\t\t\t\t\t\t\t\t\t\t\t<img loading=\"lazy\" decoding=\"async\" width=\"2560\" height=\"1152\" src=\"https:\/\/imani4children.org\/wp-content\/uploads\/2025\/12\/IMG_20251004_122515-scaled.jpg\" class=\"attachment-full size-full wp-image-3105\" alt=\"\" srcset=\"https:\/\/imani4children.org\/wp-content\/uploads\/2025\/12\/IMG_20251004_122515-scaled.jpg 2560w, https:\/\/imani4children.org\/wp-content\/uploads\/2025\/12\/IMG_20251004_122515-300x135.jpg 300w, https:\/\/imani4children.org\/wp-content\/uploads\/2025\/12\/IMG_20251004_122515-1024x461.jpg 1024w, https:\/\/imani4children.org\/wp-content\/uploads\/2025\/12\/IMG_20251004_122515-768x346.jpg 768w, https:\/\/imani4children.org\/wp-content\/uploads\/2025\/12\/IMG_20251004_122515-1536x691.jpg 1536w, https:\/\/imani4children.org\/wp-content\/uploads\/2025\/12\/IMG_20251004_122515-2048x922.jpg 2048w\" sizes=\"auto, (max-width: 2560px) 100vw, 2560px\" \/>\t\t\t\t\t\t\t\t\t\t\t\t\t\t\t<\/div>\n\t\t\t\t<\/div>\n\t\t<div class=\"elementor-element elementor-element-eb68648 e-con-full e-flex e-con e-child\" data-id=\"eb68648\" data-element_type=\"container\">\n\t\t\t\t<div class=\"elementor-element elementor-element-9c37942 elementor-widget elementor-widget-heading\" data-id=\"9c37942\" data-element_type=\"widget\" data-widget_type=\"heading.default\">\n\t\t\t\t\t<h2 class=\"elementor-heading-title elementor-size-default\">\u00c8cole \u00e0 Zargha, en Mauritania<\/h2>\t\t\t\t<\/div>\n\t\t\t\t<div class=\"elementor-element elementor-element-54f48b9 elementor-widget elementor-widget-text-editor\" data-id=\"54f48b9\" data-element_type=\"widget\" data-widget_type=\"text-editor.default\">\n\t\t\t\t\t\t\t\t\t<p>FINANC\u00c9: debut 2026<\/p>\t\t\t\t\t\t\t\t<\/div>\n\t\t\t\t<div class=\"elementor-element elementor-element-3bf9d8a elementor-widget elementor-widget-text-editor\" data-id=\"3bf9d8a\" data-element_type=\"widget\" data-widget_type=\"text-editor.default\">\n\t\t\t\t\t\t\t\t\t<p><strong>Les enfants<\/strong> de Zargha, en Mauritanie, <strong>ont besoin d&rsquo;un lieu pour \u00e9tudier et jouer,<\/strong> \u00e0 l&rsquo;abri de la chaleur, du vent et du sable.<\/p><p>Ce projet est men\u00e9 en collaboration avec l&rsquo;association B<strong>ambini nel deserto ONG<\/strong>.<\/p>\t\t\t\t\t\t\t\t<\/div>\n\t\t\t\t<div class=\"elementor-element elementor-element-0782edf elementor-widget elementor-widget-button\" data-id=\"0782edf\" data-element_type=\"widget\" data-widget_type=\"button.default\">\n\t\t\t\t\t\t\t\t\t\t<a class=\"elementor-button elementor-button-link elementor-size-sm\" href=\"https:\/\/imani4children.org\/scuola-in-mauritania\/\">\n\t\t\t\t\t\t<span class=\"elementor-button-content-wrapper\">\n\t\t\t\t\t\t\t\t\t<span class=\"elementor-button-text\">DECOUVRIR LE PROJET<\/span>\n\t\t\t\t\t<\/span>\n\t\t\t\t\t<\/a>\n\t\t\t\t\t\t\t\t<\/div>\n\t\t\t\t<\/div>\n\t\t\t\t\t<\/div>\n\t\t\t\t<\/div>\n\t\t<div class=\"elementor-element elementor-element-3a229a4 e-flex e-con-boxed e-con e-parent\" data-id=\"3a229a4\" data-element_type=\"container\">\n\t\t\t\t\t<div class=\"e-con-inner\">\n\t\t\t\t<div class=\"elementor-element elementor-element-0d52a88 elementor-widget-divider--view-line elementor-widget elementor-widget-divider\" data-id=\"0d52a88\" data-element_type=\"widget\" data-widget_type=\"divider.default\">\n\t\t\t\t\t\t\t<div class=\"elementor-divider\">\n\t\t\t<span class=\"elementor-divider-separator\">\n\t\t\t\t\t\t<\/span>\n\t\t<\/div>\n\t\t\t\t\t\t<\/div>\n\t\t\t\t\t<\/div>\n\t\t\t\t<\/div>\n\t\t<div class=\"elementor-element elementor-element-2acc12e e-flex e-con-boxed e-con e-parent\" data-id=\"2acc12e\" data-element_type=\"container\">\n\t\t\t\t\t<div class=\"e-con-inner\">\n\t\t<div class=\"elementor-element elementor-element-143f766 e-con-full e-flex e-con e-child\" data-id=\"143f766\" data-element_type=\"container\">\n\t\t\t\t<div class=\"elementor-element elementor-element-5e56674 elementor-widget elementor-widget-heading\" data-id=\"5e56674\" data-element_type=\"widget\" data-widget_type=\"heading.default\">\n\t\t\t\t\t<h2 class=\"elementor-heading-title elementor-size-default\">\u00c8cole \u00e0 Nosy Komba, Madagascar<\/h2>\t\t\t\t<\/div>\n\t\t\t\t<div class=\"elementor-element elementor-element-5d41531 elementor-widget elementor-widget-text-editor\" data-id=\"5d41531\" data-element_type=\"widget\" data-widget_type=\"text-editor.default\">\n\t\t\t\t\t\t\t\t\t<p>\u00c0 FINANCER<\/p>\t\t\t\t\t\t\t\t<\/div>\n\t\t\t\t<div class=\"elementor-element elementor-element-a2f9a44 elementor-widget elementor-widget-text-editor\" data-id=\"a2f9a44\" data-element_type=\"widget\" data-widget_type=\"text-editor.default\">\n\t\t\t\t\t\t\t\t\t<p>Le <strong>seul \u00e9tablissement d&rsquo;enseignement secondaire<\/strong> de Nosy Komba, \u00eele de Madagascar, <strong>est en construction<\/strong>, mais les fonds n\u00e9cessaires \u00e0 son \u00e9quipement en panneaux solaires (pour l&rsquo;\u00e9lectricit\u00e9, les installations sanitaires et le mobilier) font encore d\u00e9faut.<\/p><p>Ce projet est men\u00e9 en collaboration avec l&rsquo;association <strong>Sunshine de Nosy Komba.<\/strong><\/p>\t\t\t\t\t\t\t\t<\/div>\n\t\t\t\t<div class=\"elementor-element elementor-element-be6ad8d elementor-widget elementor-widget-button\" data-id=\"be6ad8d\" data-element_type=\"widget\" data-widget_type=\"button.default\">\n\t\t\t\t\t\t\t\t\t\t<a class=\"elementor-button elementor-button-link elementor-size-sm\" href=\"https:\/\/imani4children.org\/la-scuola-banana-a-nosy-komba\/\" target=\"_blank\">\n\t\t\t\t\t\t<span class=\"elementor-button-content-wrapper\">\n\t\t\t\t\t\t\t\t\t<span class=\"elementor-button-text\">DECOUVRIR LE PROJET<\/span>\n\t\t\t\t\t<\/span>\n\t\t\t\t\t<\/a>\n\t\t\t\t\t\t\t\t<\/div>\n\t\t\t\t<\/div>\n\t\t<div class=\"elementor-element elementor-element-7fa12d9 e-con-full e-flex e-con e-child\" data-id=\"7fa12d9\" data-element_type=\"container\">\n\t\t\t\t<div class=\"elementor-element elementor-element-e05a127 elementor-widget elementor-widget-image\" data-id=\"e05a127\" data-element_type=\"widget\" data-widget_type=\"image.default\">\n\t\t\t\t\t\t\t\t\t\t\t\t\t\t\t<img loading=\"lazy\" decoding=\"async\" width=\"1200\" height=\"1600\" src=\"https:\/\/imani4children.org\/wp-content\/uploads\/2026\/01\/WhatsApp-Image-2026-01-18-at-12.44.07.jpeg\" class=\"attachment-full size-full wp-image-3048\" alt=\"\" srcset=\"https:\/\/imani4children.org\/wp-content\/uploads\/2026\/01\/WhatsApp-Image-2026-01-18-at-12.44.07.jpeg 1200w, https:\/\/imani4children.org\/wp-content\/uploads\/2026\/01\/WhatsApp-Image-2026-01-18-at-12.44.07-225x300.jpeg 225w, https:\/\/imani4children.org\/wp-content\/uploads\/2026\/01\/WhatsApp-Image-2026-01-18-at-12.44.07-768x1024.jpeg 768w, https:\/\/imani4children.org\/wp-content\/uploads\/2026\/01\/WhatsApp-Image-2026-01-18-at-12.44.07-1152x1536.jpeg 1152w\" sizes=\"auto, (max-width: 1200px) 100vw, 1200px\" \/>\t\t\t\t\t\t\t\t\t\t\t\t\t\t\t<\/div>\n\t\t\t\t<\/div>\n\t\t\t\t\t<\/div>\n\t\t\t\t<\/div>\n\t\t<div class=\"elementor-element elementor-element-e4e6656 e-flex e-con-boxed e-con e-parent\" data-id=\"e4e6656\" data-element_type=\"container\">\n\t\t\t\t\t<div class=\"e-con-inner\">\n\t\t\t\t<div class=\"elementor-element elementor-element-4204c77 elementor-widget-divider--view-line elementor-widget elementor-widget-divider\" data-id=\"4204c77\" data-element_type=\"widget\" data-widget_type=\"divider.default\">\n\t\t\t\t\t\t\t<div class=\"elementor-divider\">\n\t\t\t<span class=\"elementor-divider-separator\">\n\t\t\t\t\t\t<\/span>\n\t\t<\/div>\n\t\t\t\t\t\t<\/div>\n\t\t\t\t\t<\/div>\n\t\t\t\t<\/div>\n\t\t<div class=\"elementor-element elementor-element-3e31397 elementor-hidden-tablet elementor-hidden-mobile e-flex e-con-boxed e-con e-parent\" data-id=\"3e31397\" data-element_type=\"container\">\n\t\t\t\t\t<div class=\"e-con-inner\">\n\t\t<div class=\"elementor-element elementor-element-8da39a3 e-con-full e-flex e-con e-child\" data-id=\"8da39a3\" data-element_type=\"container\">\n\t\t\t\t<div class=\"elementor-element elementor-element-f0d529b elementor-widget elementor-widget-image\" data-id=\"f0d529b\" data-element_type=\"widget\" data-widget_type=\"image.default\">\n\t\t\t\t\t\t\t\t\t\t\t\t\t\t\t<img loading=\"lazy\" decoding=\"async\" width=\"2000\" height=\"924\" src=\"https:\/\/imani4children.org\/wp-content\/uploads\/2026\/02\/tananrourt-4.jpg\" class=\"attachment-full size-full wp-image-2766\" alt=\"\" srcset=\"https:\/\/imani4children.org\/wp-content\/uploads\/2026\/02\/tananrourt-4.jpg 2000w, https:\/\/imani4children.org\/wp-content\/uploads\/2026\/02\/tananrourt-4-300x139.jpg 300w, https:\/\/imani4children.org\/wp-content\/uploads\/2026\/02\/tananrourt-4-1024x473.jpg 1024w, https:\/\/imani4children.org\/wp-content\/uploads\/2026\/02\/tananrourt-4-768x355.jpg 768w, https:\/\/imani4children.org\/wp-content\/uploads\/2026\/02\/tananrourt-4-1536x710.jpg 1536w\" sizes=\"auto, (max-width: 2000px) 100vw, 2000px\" \/>\t\t\t\t\t\t\t\t\t\t\t\t\t\t\t<\/div>\n\t\t\t\t<\/div>\n\t\t<div class=\"elementor-element elementor-element-5d40562 e-con-full e-flex e-con e-child\" data-id=\"5d40562\" data-element_type=\"container\">\n\t\t\t\t<div class=\"elementor-element elementor-element-499e3dc elementor-widget elementor-widget-heading\" data-id=\"499e3dc\" data-element_type=\"widget\" data-widget_type=\"heading.default\">\n\t\t\t\t\t<h2 class=\"elementor-heading-title elementor-size-default\">Etablissement de sant\u00e9 \u00e0 Tonamrourt, en Mauritania<\/h2>\t\t\t\t<\/div>\n\t\t\t\t<div class=\"elementor-element elementor-element-5c0b3ec elementor-widget elementor-widget-text-editor\" data-id=\"5c0b3ec\" data-element_type=\"widget\" data-widget_type=\"text-editor.default\">\n\t\t\t\t\t\t\t\t\t<p>\u00c0 FINANCER<\/p>\t\t\t\t\t\t\t\t<\/div>\n\t\t\t\t<div class=\"elementor-element elementor-element-31910ca elementor-widget elementor-widget-text-editor\" data-id=\"31910ca\" data-element_type=\"widget\" data-widget_type=\"text-editor.default\">\n\t\t\t\t\t\t\t\t\t<p>Tonamrourt, en Mauritanie, r\u00e9gion d\u00e9sertique et tr\u00e8s isol\u00e9e o\u00f9 <strong>l&rsquo;acc\u00e8s aux soins m\u00e9dicaux est extr\u00eamement limit\u00e9<\/strong>, a besoin d&rsquo;un centre de sant\u00e9.<\/p><p>Ce projet sera \u00e9galement men\u00e9 en collaboration avec <strong>Bambini nel Deserto<\/strong> (ONG).<\/p>\t\t\t\t\t\t\t\t<\/div>\n\t\t\t\t<div class=\"elementor-element elementor-element-4e51d5a elementor-widget elementor-widget-button\" data-id=\"4e51d5a\" data-element_type=\"widget\" data-widget_type=\"button.default\">\n\t\t\t\t\t\t\t\t\t\t<a class=\"elementor-button elementor-button-link elementor-size-sm\" href=\"https:\/\/imani4children.org\/presidio-sanitario-a-tonanrourt-in-mauritania\/\" target=\"_blank\">\n\t\t\t\t\t\t<span class=\"elementor-button-content-wrapper\">\n\t\t\t\t\t\t\t\t\t<span class=\"elementor-button-text\">DECOUVIR LE PROJET<\/span>\n\t\t\t\t\t<\/span>\n\t\t\t\t\t<\/a>\n\t\t\t\t\t\t\t\t<\/div>\n\t\t\t\t<\/div>\n\t\t\t\t\t<\/div>\n\t\t\t\t<\/div>\n\t\t<div class=\"elementor-element elementor-element-7e22584 e-flex e-con-boxed e-con e-parent\" data-id=\"7e22584\" data-element_type=\"container\">\n\t\t\t\t\t<div class=\"e-con-inner\">\n\t\t\t\t<div class=\"elementor-element elementor-element-400fe6e elementor-widget-divider--view-line elementor-widget elementor-widget-divider\" data-id=\"400fe6e\" data-element_type=\"widget\" data-widget_type=\"divider.default\">\n\t\t\t\t\t\t\t<div class=\"elementor-divider\">\n\t\t\t<span class=\"elementor-divider-separator\">\n\t\t\t\t\t\t<\/span>\n\t\t<\/div>\n\t\t\t\t\t\t<\/div>\n\t\t\t\t\t<\/div>\n\t\t\t\t<\/div>\n\t\t\t\t<\/div>\n\t\t","protected":false},"excerpt":{"rendered":"<p>D\u00e9couvrez nos projets financ\u00e9s et en cours. \u00c8cole \u00e0 Zargha, en Mauritania FINANC\u00c9: debut 2026 Les enfants de Zargha, en [&hellip;]<\/p>\n","protected":false},"author":3,"featured_media":2767,"parent":0,"menu_order":0,"comment_status":"closed","ping_status":"closed","template":"","meta":{"_eb_attr":"","site-sidebar-layout":"no-sidebar","site-content-layout":"","ast-site-content-layout":"full-width-container","site-content-style":"default","site-sidebar-style":"default","ast-global-header-display":"","ast-banner-title-visibility":"","ast-main-header-display":"","ast-hfb-above-header-display":"","ast-hfb-below-header-display":"","ast-hfb-mobile-header-display":"","site-post-title":"","ast-breadcrumbs-content":"","ast-featured-img":"disabled","footer-sml-layout":"","ast-disable-related-posts":"","theme-transparent-header-meta":"","adv-header-id-meta":"","stick-header-meta":"","header-above-stick-meta":"","header-main-stick-meta":"","header-below-stick-meta":"","astra-migrate-meta-layouts":"default","ast-page-background-enabled":"default","ast-page-background-meta":{"desktop":{"background-color":"var(--ast-global-color-5)","background-image":"","background-repeat":"repeat","background-position":"center center","background-size":"auto","background-attachment":"scroll","background-type":"","background-media":"","overlay-type":"","overlay-color":"","overlay-opacity":"","overlay-gradient":""},"tablet":{"background-color":"","background-image":"","background-repeat":"repeat","background-position":"center center","background-size":"auto","background-attachment":"scroll","background-type":"","background-media":"","overlay-type":"","overlay-color":"","overlay-opacity":"","overlay-gradient":""},"mobile":{"background-color":"","background-image":"","background-repeat":"repeat","background-position":"center center","background-size":"auto","background-attachment":"scroll","background-type":"","background-media":"","overlay-type":"","overlay-color":"","overlay-opacity":"","overlay-gradient":""}},"ast-content-background-meta":{"desktop":{"background-color":"var(--ast-global-color-4)","background-image":"","background-repeat":"repeat","background-position":"center center","background-size":"auto","background-attachment":"scroll","background-type":"","background-media":"","overlay-type":"","overlay-color":"","overlay-opacity":"","overlay-gradient":""},"tablet":{"background-color":"var(--ast-global-color-4)","background-image":"","background-repeat":"repeat","background-position":"center center","background-size":"auto","background-attachment":"scroll","background-type":"","background-media":"","overlay-type":"","overlay-color":"","overlay-opacity":"","overlay-gradient":""},"mobile":{"background-color":"var(--ast-global-color-4)","background-image":"","background-repeat":"repeat","background-position":"center center","background-size":"auto","background-attachment":"scroll","background-type":"","background-media":"","overlay-type":"","overlay-color":"","overlay-opacity":"","overlay-gradient":""}},"footnotes":""},"class_list":["post-2765","page","type-page","status-publish","has-post-thumbnail","hentry"],"yoast_head":"<!-- This site is optimized with the Yoast SEO plugin v26.1.1 - https:\/\/yoast.com\/wordpress\/plugins\/seo\/ -->\n<title>Projets - IMANI4CHILDREN - I4C<\/title>\n<meta name=\"robots\" content=\"index, follow, max-snippet:-1, max-image-preview:large, max-video-preview:-1\" \/>\n<link rel=\"canonical\" href=\"https:\/\/imani4children.org\/fr\/progetti\/\" \/>\n<meta property=\"og:locale\" content=\"fr_FR\" \/>\n<meta property=\"og:type\" content=\"article\" \/>\n<meta property=\"og:title\" content=\"Projets - IMANI4CHILDREN - I4C\" \/>\n<meta property=\"og:description\" content=\"D\u00e9couvrez nos projets financ\u00e9s et en cours. \u00c8cole \u00e0 Zargha, en Mauritania FINANC\u00c9: debut 2026 Les enfants de Zargha, en [&hellip;]\" \/>\n<meta property=\"og:url\" content=\"https:\/\/imani4children.org\/fr\/progetti\/\" \/>\n<meta property=\"og:site_name\" content=\"IMANI4CHILDREN - I4C\" \/>\n<meta property=\"article:modified_time\" content=\"2026-03-16T20:58:25+00:00\" \/>\n<meta property=\"og:image\" content=\"https:\/\/imani4children.org\/wp-content\/uploads\/2026\/01\/WhatsApp-Image-2026-01-18-at-12.44.07-3.jpeg\" \/>\n\t<meta property=\"og:image:width\" content=\"1200\" \/>\n\t<meta property=\"og:image:height\" content=\"1600\" \/>\n\t<meta property=\"og:image:type\" content=\"image\/jpeg\" \/>\n<meta name=\"twitter:card\" content=\"summary_large_image\" \/>\n<meta name=\"twitter:label1\" content=\"Dur\u00e9e de lecture estim\u00e9e\" \/>\n\t<meta name=\"twitter:data1\" content=\"1 minute\" \/>\n<script type=\"application\/ld+json\" class=\"yoast-schema-graph\">{\"@context\":\"https:\/\/schema.org\",\"@graph\":[{\"@type\":\"WebPage\",\"@id\":\"https:\/\/imani4children.org\/fr\/progetti\/\",\"url\":\"https:\/\/imani4children.org\/fr\/progetti\/\",\"name\":\"Projets - IMANI4CHILDREN - I4C\",\"isPartOf\":{\"@id\":\"https:\/\/imani4children.org\/fr\/#website\"},\"primaryImageOfPage\":{\"@id\":\"https:\/\/imani4children.org\/fr\/progetti\/#primaryimage\"},\"image\":{\"@id\":\"https:\/\/imani4children.org\/fr\/progetti\/#primaryimage\"},\"thumbnailUrl\":\"https:\/\/imani4children.org\/wp-content\/uploads\/2026\/01\/WhatsApp-Image-2026-01-18-at-12.44.07-3.jpeg\",\"datePublished\":\"2026-02-05T15:16:26+00:00\",\"dateModified\":\"2026-03-16T20:58:25+00:00\",\"breadcrumb\":{\"@id\":\"https:\/\/imani4children.org\/fr\/progetti\/#breadcrumb\"},\"inLanguage\":\"fr-FR\",\"potentialAction\":[{\"@type\":\"ReadAction\",\"target\":[\"https:\/\/imani4children.org\/fr\/progetti\/\"]}]},{\"@type\":\"ImageObject\",\"inLanguage\":\"fr-FR\",\"@id\":\"https:\/\/imani4children.org\/fr\/progetti\/#primaryimage\",\"url\":\"https:\/\/imani4children.org\/wp-content\/uploads\/2026\/01\/WhatsApp-Image-2026-01-18-at-12.44.07-3.jpeg\",\"contentUrl\":\"https:\/\/imani4children.org\/wp-content\/uploads\/2026\/01\/WhatsApp-Image-2026-01-18-at-12.44.07-3.jpeg\",\"width\":1200,\"height\":1600},{\"@type\":\"BreadcrumbList\",\"@id\":\"https:\/\/imani4children.org\/fr\/progetti\/#breadcrumb\",\"itemListElement\":[{\"@type\":\"ListItem\",\"position\":1,\"name\":\"Home\",\"item\":\"https:\/\/imani4children.org\/fr\/\"},{\"@type\":\"ListItem\",\"position\":2,\"name\":\"Projets\"}]},{\"@type\":\"WebSite\",\"@id\":\"https:\/\/imani4children.org\/fr\/#website\",\"url\":\"https:\/\/imani4children.org\/fr\/\",\"name\":\"IMANI4CHILDREN - I4C\",\"description\":\"Under Construction\",\"publisher\":{\"@id\":\"https:\/\/imani4children.org\/fr\/#organization\"},\"potentialAction\":[{\"@type\":\"SearchAction\",\"target\":{\"@type\":\"EntryPoint\",\"urlTemplate\":\"https:\/\/imani4children.org\/fr\/?s={search_term_string}\"},\"query-input\":{\"@type\":\"PropertyValueSpecification\",\"valueRequired\":true,\"valueName\":\"search_term_string\"}}],\"inLanguage\":\"fr-FR\"},{\"@type\":\"Organization\",\"@id\":\"https:\/\/imani4children.org\/fr\/#organization\",\"name\":\"IMANI4CHILDREN - I4C\",\"url\":\"https:\/\/imani4children.org\/fr\/\",\"logo\":{\"@type\":\"ImageObject\",\"inLanguage\":\"fr-FR\",\"@id\":\"https:\/\/imani4children.org\/fr\/#\/schema\/logo\/image\/\",\"url\":\"https:\/\/imani4children.org\/wp-content\/uploads\/2025\/11\/imani4children-logo.jpg\",\"contentUrl\":\"https:\/\/imani4children.org\/wp-content\/uploads\/2025\/11\/imani4children-logo.jpg\",\"width\":1137,\"height\":320,\"caption\":\"IMANI4CHILDREN - I4C\"},\"image\":{\"@id\":\"https:\/\/imani4children.org\/fr\/#\/schema\/logo\/image\/\"}}]}<\/script>\n<!-- \/ Yoast SEO plugin. -->","yoast_head_json":{"title":"Projets - IMANI4CHILDREN - I4C","robots":{"index":"index","follow":"follow","max-snippet":"max-snippet:-1","max-image-preview":"max-image-preview:large","max-video-preview":"max-video-preview:-1"},"canonical":"https:\/\/imani4children.org\/fr\/progetti\/","og_locale":"fr_FR","og_type":"article","og_title":"Projets - IMANI4CHILDREN - I4C","og_description":"D\u00e9couvrez nos projets financ\u00e9s et en cours. \u00c8cole \u00e0 Zargha, en Mauritania FINANC\u00c9: debut 2026 Les enfants de Zargha, en [&hellip;]","og_url":"https:\/\/imani4children.org\/fr\/progetti\/","og_site_name":"IMANI4CHILDREN - I4C","article_modified_time":"2026-03-16T20:58:25+00:00","og_image":[{"width":1200,"height":1600,"url":"https:\/\/imani4children.org\/wp-content\/uploads\/2026\/01\/WhatsApp-Image-2026-01-18-at-12.44.07-3.jpeg","type":"image\/jpeg"}],"twitter_card":"summary_large_image","twitter_misc":{"Dur\u00e9e de lecture estim\u00e9e":"1 minute"},"schema":{"@context":"https:\/\/schema.org","@graph":[{"@type":"WebPage","@id":"https:\/\/imani4children.org\/fr\/progetti\/","url":"https:\/\/imani4children.org\/fr\/progetti\/","name":"Projets - IMANI4CHILDREN - I4C","isPartOf":{"@id":"https:\/\/imani4children.org\/fr\/#website"},"primaryImageOfPage":{"@id":"https:\/\/imani4children.org\/fr\/progetti\/#primaryimage"},"image":{"@id":"https:\/\/imani4children.org\/fr\/progetti\/#primaryimage"},"thumbnailUrl":"https:\/\/imani4children.org\/wp-content\/uploads\/2026\/01\/WhatsApp-Image-2026-01-18-at-12.44.07-3.jpeg","datePublished":"2026-02-05T15:16:26+00:00","dateModified":"2026-03-16T20:58:25+00:00","breadcrumb":{"@id":"https:\/\/imani4children.org\/fr\/progetti\/#breadcrumb"},"inLanguage":"fr-FR","potentialAction":[{"@type":"ReadAction","target":["https:\/\/imani4children.org\/fr\/progetti\/"]}]},{"@type":"ImageObject","inLanguage":"fr-FR","@id":"https:\/\/imani4children.org\/fr\/progetti\/#primaryimage","url":"https:\/\/imani4children.org\/wp-content\/uploads\/2026\/01\/WhatsApp-Image-2026-01-18-at-12.44.07-3.jpeg","contentUrl":"https:\/\/imani4children.org\/wp-content\/uploads\/2026\/01\/WhatsApp-Image-2026-01-18-at-12.44.07-3.jpeg","width":1200,"height":1600},{"@type":"BreadcrumbList","@id":"https:\/\/imani4children.org\/fr\/progetti\/#breadcrumb","itemListElement":[{"@type":"ListItem","position":1,"name":"Home","item":"https:\/\/imani4children.org\/fr\/"},{"@type":"ListItem","position":2,"name":"Projets"}]},{"@type":"WebSite","@id":"https:\/\/imani4children.org\/fr\/#website","url":"https:\/\/imani4children.org\/fr\/","name":"IMANI4CHILDREN - I4C","description":"Under Construction","publisher":{"@id":"https:\/\/imani4children.org\/fr\/#organization"},"potentialAction":[{"@type":"SearchAction","target":{"@type":"EntryPoint","urlTemplate":"https:\/\/imani4children.org\/fr\/?s={search_term_string}"},"query-input":{"@type":"PropertyValueSpecification","valueRequired":true,"valueName":"search_term_string"}}],"inLanguage":"fr-FR"},{"@type":"Organization","@id":"https:\/\/imani4children.org\/fr\/#organization","name":"IMANI4CHILDREN - I4C","url":"https:\/\/imani4children.org\/fr\/","logo":{"@type":"ImageObject","inLanguage":"fr-FR","@id":"https:\/\/imani4children.org\/fr\/#\/schema\/logo\/image\/","url":"https:\/\/imani4children.org\/wp-content\/uploads\/2025\/11\/imani4children-logo.jpg","contentUrl":"https:\/\/imani4children.org\/wp-content\/uploads\/2025\/11\/imani4children-logo.jpg","width":1137,"height":320,"caption":"IMANI4CHILDREN - I4C"},"image":{"@id":"https:\/\/imani4children.org\/fr\/#\/schema\/logo\/image\/"}}]}},"_links":{"self":[{"href":"https:\/\/imani4children.org\/fr\/wp-json\/wp\/v2\/pages\/2765","targetHints":{"allow":["GET"]}}],"collection":[{"href":"https:\/\/imani4children.org\/fr\/wp-json\/wp\/v2\/pages"}],"about":[{"href":"https:\/\/imani4children.org\/fr\/wp-json\/wp\/v2\/types\/page"}],"author":[{"embeddable":true,"href":"https:\/\/imani4children.org\/fr\/wp-json\/wp\/v2\/users\/3"}],"replies":[{"embeddable":true,"href":"https:\/\/imani4children.org\/fr\/wp-json\/wp\/v2\/comments?post=2765"}],"version-history":[{"count":6,"href":"https:\/\/imani4children.org\/fr\/wp-json\/wp\/v2\/pages\/2765\/revisions"}],"predecessor-version":[{"id":4076,"href":"https:\/\/imani4children.org\/fr\/wp-json\/wp\/v2\/pages\/2765\/revisions\/4076"}],"wp:featuredmedia":[{"embeddable":true,"href":"https:\/\/imani4children.org\/fr\/wp-json\/wp\/v2\/media\/2767"}],"wp:attachment":[{"href":"https:\/\/imani4children.org\/fr\/wp-json\/wp\/v2\/media?parent=2765"}],"curies":[{"name":"wp","href":"https:\/\/api.w.org\/{rel}","templated":true}]}}